{"id":23,"date":"2015-04-28T08:02:36","date_gmt":"2015-04-28T08:02:36","guid":{"rendered":"http:\/\/reuterhof.eu\/wordpress\/?page_id=23"},"modified":"2026-01-29T09:55:59","modified_gmt":"2026-01-29T09:55:59","slug":"preise-und-angebote","status":"publish","type":"page","link":"https:\/\/reuterhof.eu\/index.php\/preise-und-angebote\/","title":{"rendered":"Preise und Angebote"},"content":{"rendered":"<p>[:de]<\/p>\n<p style=\"text-align: center;\"><strong>Zimmerpreise:<br \/>\n(Sonntag &#8211; Freitag)<\/strong><\/p>\n<p style=\"text-align: center;\">Komfort-Einzelzimmer: ab 75,00 \u20ac pro \u00dcbernachtung\u00b2<\/p>\n<p style=\"text-align: center;\">Komfort-Doppelzimmer:\u00a0ab 85,00 \u20ac pro \u00dcbernachtung\u00b2<\/p>\n<p style=\"text-align: center;\">Standard- Einzelzimmer: ab 65,00 \u20ac pro \u00dcbernachtung<\/p>\n<p style=\"text-align: center;\">Standard-Doppelzimmer: ab 75,00 \u20ac pro \u00dcbernachtung<\/p>\n<p style=\"text-align: center;\"><strong><br \/>\nWochenendpreise ohne Fr\u00fchst\u00fcck (Freitag &#8211; Sonntag)<\/strong><\/p>\n<p style=\"text-align: center;\">Einzelzimmer:ab\u00a0 65,00 \u20ac pro \u00dcbernachtung\u00b2<\/p>\n<p style=\"text-align: center;\">Doppelzimmer:ab 75,00 \u20ac pro \u00dcbernachtung\u00b2<\/p>\n<p style=\"text-align: center;\">Gruppen und Monatspreis sind gesondert anzufragen.<\/p>\n<p style=\"text-align: center;\">In den oben genannten Preisen sind pro Person, die gesetzliche Mehrwertsteuer und die Bettensteuer enthalten.<\/p>\n<p style=\"text-align: center;\">Der Preis f\u00fcr das reichhaltige Fr\u00fchst\u00fccksbuffet, wird mit 10,00\u20ac\/Person extra berechnet.<\/p>\n<p style=\"text-align: center;\"><span style=\"color: #ff0000;\">An Wochenenden, regionalen Feier-und Br\u00fcckentagen findet kein Fr\u00fchst\u00fcck statt.<\/span><\/p>\n<p style=\"text-align: center;\">\u00b2 Preise gelten nicht an Messen<\/p>\n<p style=\"text-align: center;\"><span style=\"color: #000000;\"><strong>Roomrates:<\/strong><\/span><br \/>\n<strong>(Sunday &#8211; Friday)<\/strong><\/p>\n<p style=\"text-align: center;\">Comfort -Single room: from 75,00 \u20ac per night\u00b2<\/p>\n<p style=\"text-align: center;\">Comfort- Twin room: from 85,00 \u20ac per night\u00b2<\/p>\n<p style=\"text-align: center;\">Standard -Single room:from 65,00 \u20ac per night<\/p>\n<p style=\"text-align: center;\">Standard-Twin room: from 75,00 \u20ac per night<\/p>\n<p style=\"text-align: center;\"><strong><br \/>\nWeekendspecial without breakfast (Friday &#8211; Sunday)<\/strong><\/p>\n<p style=\"text-align: center;\">Single room: from 65,00 \u20ac per night\u00b2<\/p>\n<p style=\"text-align: center;\">Twin room: from 75,00 \u20ac per night\u00b2<\/p>\n<p style=\"text-align: center;\">Special for groups we offer directly &#8211; pleas contact us.<\/p>\n<p>he above prices include VAT and bed tax per person.<\/p>\n<p>The price for the extensive breakfast buffet is charged at \u20ac10.00 per person.<span style=\"color: #ff0000;\"> Breakfast is not served on weekends, regional holidays, or long weekends.<\/span><\/p>\n<p style=\"text-align: center;\">\u00b2\u00a0prices are not valid at trade fair in Frankfurt<\/p>\n<p>[:]<\/p>\n","protected":false},"excerpt":{"rendered":"<p>[:de] Zimmerpreise: (Sonntag &#8211; Freitag) Komfort-Einzelzimmer: ab 75,00 \u20ac pro \u00dcbernachtung\u00b2 Komfort-Doppelzimmer:\u00a0ab 85,00 \u20ac pro \u00dcbernachtung\u00b2 Standard- Einzelzimmer: ab 65,00 \u20ac pro \u00dcbernachtung Standard-Doppelzimmer: ab 75,00 \u20ac pro \u00dcbernachtung Wochenendpreise ohne Fr\u00fchst\u00fcck (Freitag &#8211; Sonntag) Einzelzimmer:ab\u00a0 65,00 \u20ac pro \u00dcbernachtung\u00b2 Doppelzimmer:ab 75,00 \u20ac pro \u00dcbernachtung\u00b2 Gruppen und Monatspreis sind gesondert anzufragen. In den oben genannten [&hellip;]<\/p>\n","protected":false},"author":1,"featured_media":0,"parent":0,"menu_order":0,"comment_status":"open","ping_status":"open","template":"","meta":{"footnotes":""},"class_list":["post-23","page","type-page","status-publish","czr-hentry"],"_links":{"self":[{"href":"https:\/\/reuterhof.eu\/index.php\/wp-json\/wp\/v2\/pages\/23","targetHints":{"allow":["GET"]}}],"collection":[{"href":"https:\/\/reuterhof.eu\/index.php\/wp-json\/wp\/v2\/pages"}],"about":[{"href":"https:\/\/reuterhof.eu\/index.php\/wp-json\/wp\/v2\/types\/page"}],"author":[{"embeddable":true,"href":"https:\/\/reuterhof.eu\/index.php\/wp-json\/wp\/v2\/users\/1"}],"replies":[{"embeddable":true,"href":"https:\/\/reuterhof.eu\/index.php\/wp-json\/wp\/v2\/comments?post=23"}],"version-history":[{"count":20,"href":"https:\/\/reuterhof.eu\/index.php\/wp-json\/wp\/v2\/pages\/23\/revisions"}],"predecessor-version":[{"id":350,"href":"https:\/\/reuterhof.eu\/index.php\/wp-json\/wp\/v2\/pages\/23\/revisions\/350"}],"wp:attachment":[{"href":"https:\/\/reuterhof.eu\/index.php\/wp-json\/wp\/v2\/media?parent=23"}],"curies":[{"name":"wp","href":"https:\/\/api.w.org\/{rel}","templated":true}]}}