{"id":37,"date":"2015-04-28T08:05:18","date_gmt":"2015-04-28T08:05:18","guid":{"rendered":"http:\/\/reuterhof.eu\/wordpress\/?page_id=37"},"modified":"2022-10-23T16:30:46","modified_gmt":"2022-10-23T16:30:46","slug":"reservierungen","status":"publish","type":"page","link":"https:\/\/reuterhof.eu\/index.php\/reservierungen\/","title":{"rendered":"Reservierungen"},"content":{"rendered":"<p>[:de]<\/p>\n<p style=\"text-align: center;\"><script src=\"https:\/\/js-sdk.dirs21.de\/f385680d-c052-4d2b-9e43-6aa44a38fe2e\" type=\"text\/javascript\" async=\"\"><\/script><\/p>\n<p style=\"text-align: center;\"><strong><a class=\"d21-trigger-ibe\" href=\"#\">Jetzt online buchen!<\/a><\/strong>[:en][iframe src=&#8220;https:\/\/secure.webres.net\/webres\/zimmer4\/default.asp?LANG=GB&amp;HID=6776&#8243;][:]<\/p>\n\n\n<p><\/p>\n\n\n\n<h4 class=\"wp-block-heading\"><strong><sub>Wichtige Information:<\/sub><\/strong><\/h4>\n\n\n\n<p><sub>Bitte w\u00e4hlen Sie f\u00fcr Wochenendreisen die &#8222;Wochenendrate&#8220; aus, da wir samstags und sonntags kein Fr\u00fchst\u00fcck anbieten.<\/sub><\/p>\n\n\n\n<p><sub>Wir danken Ihnen f\u00fcr Ihr Verst\u00e4ndnis.<\/sub><\/p>\n","protected":false},"excerpt":{"rendered":"<p>[:de] Jetzt online buchen![:en][iframe src=&#8220;https:\/\/secure.webres.net\/webres\/zimmer4\/default.asp?LANG=GB&amp;HID=6776&#8243;][:] Wichtige Information: Bitte w\u00e4hlen Sie f\u00fcr Wochenendreisen die &#8222;Wochenendrate&#8220; aus, da wir samstags und sonntags kein Fr\u00fchst\u00fcck anbieten. Wir danken Ihnen f\u00fcr Ihr Verst\u00e4ndnis.<\/p>\n","protected":false},"author":1,"featured_media":114,"parent":0,"menu_order":0,"comment_status":"open","ping_status":"open","template":"","meta":{"footnotes":""},"class_list":["post-37","page","type-page","status-publish","has-post-thumbnail","czr-hentry"],"_links":{"self":[{"href":"https:\/\/reuterhof.eu\/index.php\/wp-json\/wp\/v2\/pages\/37","targetHints":{"allow":["GET"]}}],"collection":[{"href":"https:\/\/reuterhof.eu\/index.php\/wp-json\/wp\/v2\/pages"}],"about":[{"href":"https:\/\/reuterhof.eu\/index.php\/wp-json\/wp\/v2\/types\/page"}],"author":[{"embeddable":true,"href":"https:\/\/reuterhof.eu\/index.php\/wp-json\/wp\/v2\/users\/1"}],"replies":[{"embeddable":true,"href":"https:\/\/reuterhof.eu\/index.php\/wp-json\/wp\/v2\/comments?post=37"}],"version-history":[{"count":23,"href":"https:\/\/reuterhof.eu\/index.php\/wp-json\/wp\/v2\/pages\/37\/revisions"}],"predecessor-version":[{"id":345,"href":"https:\/\/reuterhof.eu\/index.php\/wp-json\/wp\/v2\/pages\/37\/revisions\/345"}],"wp:featuredmedia":[{"embeddable":true,"href":"https:\/\/reuterhof.eu\/index.php\/wp-json\/wp\/v2\/media\/114"}],"wp:attachment":[{"href":"https:\/\/reuterhof.eu\/index.php\/wp-json\/wp\/v2\/media?parent=37"}],"curies":[{"name":"wp","href":"https:\/\/api.w.org\/{rel}","templated":true}]}}